{"id":6635,"date":"2019-05-10T14:40:15","date_gmt":"2019-05-10T14:40:15","guid":{"rendered":"http:\/\/impreza.us-themes.com\/?page_id=6635"},"modified":"2026-02-06T16:31:52","modified_gmt":"2026-02-06T19:31:52","slug":"home","status":"publish","type":"page","link":"https:\/\/rescate-familiar.cl\/","title":{"rendered":"Inicio"},"content":{"rendered":"<section class=\"l-section wpb_row us_custom_68709f4e height_auto width_full\"><div class=\"l-section-h i-cf\"><div class=\"g-cols vc_row via_grid cols_1 laptops-cols_inherit tablets-cols_inherit mobiles-cols_1 valign_top type_default stacking_default\"><div class=\"wpb_column vc_column_container\"><div class=\"vc_column-inner\"><\/div><\/div><\/div><\/div><\/section><section class=\"l-section wpb_row height_auto width_full\"><div class=\"l-section-h i-cf\"><div class=\"g-cols vc_row via_grid cols_1 laptops-cols_inherit tablets-cols_inherit mobiles-cols_1 valign_top type_default stacking_default\"><div class=\"wpb_column vc_column_container\"><div class=\"vc_column-inner\"><div class=\"w-text us_custom_ddc2eef6 has_text_color\"><span class=\"w-text-h\"><span class=\"w-text-value\">SERVICIOS<\/span><\/span><\/div><div class=\"w-image us_custom_a2ebf4ae align_center\"><div class=\"w-image-h\"><img decoding=\"async\" width=\"1920\" height=\"261\" src=\"https:\/\/rescate-familiar.cl\/wp-content\/uploads\/2024\/06\/banner-1.png\" class=\"attachment-full size-full\" alt=\"\" loading=\"lazy\" srcset=\"https:\/\/rescate-familiar.cl\/wp-content\/uploads\/2024\/06\/banner-1.png 1920w, https:\/\/rescate-familiar.cl\/wp-content\/uploads\/2024\/06\/banner-1-300x41.png 300w, https:\/\/rescate-familiar.cl\/wp-content\/uploads\/2024\/06\/banner-1-1024x139.png 1024w, https:\/\/rescate-familiar.cl\/wp-content\/uploads\/2024\/06\/banner-1-1536x209.png 1536w, https:\/\/rescate-familiar.cl\/wp-content\/uploads\/2024\/06\/banner-1-600x82.png 600w\" sizes=\"auto, (max-width: 1920px) 100vw, 1920px\" \/><\/div><\/div><\/div><\/div><\/div><\/div><\/section><section class=\"l-section wpb_row height_auto\"><div class=\"l-section-h i-cf\"><div class=\"g-cols vc_row via_grid cols_1 laptops-cols_inherit tablets-cols_inherit mobiles-cols_1 valign_top type_default stacking_default\"><div class=\"wpb_column vc_column_container\"><div class=\"vc_column-inner\"><div class=\"g-cols wpb_row us_custom_d7315654 via_grid cols_2 laptops-cols_inherit tablets-cols_inherit mobiles-cols_1 valign_top type_default stacking_default\" style=\"--gap:0px;\" id=\"primeros-auxilios\"><div class=\"wpb_column vc_column_container\"><div class=\"vc_column-inner\"><div class=\"w-vwrapper us_custom_bb5c94c3 align_none valign_top\"><div class=\"w-image us_custom_cd239bd0 has_ratio align_center\"><div class=\"w-image-h\"><div style=\"padding-bottom:56.25%\"><\/div><img decoding=\"async\" width=\"1600\" height=\"1200\" src=\"https:\/\/rescate-familiar.cl\/wp-content\/uploads\/2026\/02\/PRIAUX-1.webp\" class=\"attachment-full size-full not-transparent\" alt=\"\" loading=\"lazy\" srcset=\"https:\/\/rescate-familiar.cl\/wp-content\/uploads\/2026\/02\/PRIAUX-1.webp 1600w, https:\/\/rescate-familiar.cl\/wp-content\/uploads\/2026\/02\/PRIAUX-1-300x225.webp 300w, https:\/\/rescate-familiar.cl\/wp-content\/uploads\/2026\/02\/PRIAUX-1-1024x768.webp 1024w, https:\/\/rescate-familiar.cl\/wp-content\/uploads\/2026\/02\/PRIAUX-1-1536x1152.webp 1536w, https:\/\/rescate-familiar.cl\/wp-content\/uploads\/2026\/02\/PRIAUX-1-600x450.webp 600w\" sizes=\"auto, (max-width: 1600px) 100vw, 1600px\" data-has-transparency=\"false\" data-dominant-color=\"89868b\" style=\"--dominant-color: #89868b;\" \/><\/div><\/div><div class=\"w-separator size_small\"><\/div><div class=\"wpb_text_column us_custom_b2c0b7b0\"><div class=\"wpb_wrapper\"><p style=\"text-align: left;\"><strong>Personal altamente capacitado,<\/strong> experiencia en faenas, ex\u00e1menes y cursos especializados.<\/p>\n<p><a href=\"\/index.php\/#contacto\"><img loading=\"lazy\" decoding=\"async\" width=\"200\" height=\"56\" class=\"size-medium wp-image-9292 aligncenter\" style=\"width: 200px;\" src=\"\/wp-content\/uploads\/2024\/06\/solicitar.png\" alt=\"\" srcset=\"https:\/\/rescate-familiar.cl\/wp-content\/uploads\/2024\/06\/solicitar.png 1279w, https:\/\/rescate-familiar.cl\/wp-content\/uploads\/2024\/06\/solicitar-300x84.png 300w, https:\/\/rescate-familiar.cl\/wp-content\/uploads\/2024\/06\/solicitar-1024x287.png 1024w, https:\/\/rescate-familiar.cl\/wp-content\/uploads\/2024\/06\/solicitar-600x168.png 600w\" sizes=\"auto, (max-width: 200px) 100vw, 200px\" \/><\/a><\/p>\n<\/div><\/div><div class=\"w-separator size_small\"><\/div><\/div><\/div><\/div><div class=\"wpb_column vc_column_container\"><div class=\"vc_column-inner\"><div class=\"w-vwrapper us_custom_1a18e425 hide_on_default hide_on_laptops hide_on_tablets hide_on_mobiles align_none valign_top\" style=\"--vwrapper-gap:0px\"><div class=\"w-image us_custom_743c878a align_none\"><div class=\"w-image-h\"><img decoding=\"async\" width=\"624\" height=\"122\" src=\"https:\/\/rescate-familiar.cl\/wp-content\/uploads\/2024\/06\/titulo-primeros-auxilios.png\" class=\"attachment-full size-full\" alt=\"\" loading=\"lazy\" srcset=\"https:\/\/rescate-familiar.cl\/wp-content\/uploads\/2024\/06\/titulo-primeros-auxilios.png 624w, https:\/\/rescate-familiar.cl\/wp-content\/uploads\/2024\/06\/titulo-primeros-auxilios-300x59.png 300w, https:\/\/rescate-familiar.cl\/wp-content\/uploads\/2024\/06\/titulo-primeros-auxilios-600x117.png 600w\" sizes=\"auto, (max-width: 624px) 100vw, 624px\" \/><\/div><\/div><div class=\"wpb_text_column us_custom_3652d2f3 list-circular has_text_color\"><div class=\"wpb_wrapper\"><ul>\n<li>Rescate Familiar es una empresa especializada en la atenci\u00f3n de primeros auxilios y atenci\u00f3n prehospitalaria para faenas mineras, de energ\u00eda y obras civiles.<\/li>\n<li>Ofrecemos un servicio integral y de alta calidad, con procedimientos de trabajo, protocolos de prevenci\u00f3n de riesgos y un estricto cumplimiento del marco regulatorio.<\/li>\n<li>Nuestro equipo de profesionales est\u00e1 altamente capacitado para brindar atenci\u00f3n oportuna y efectiva en situaciones de emergencia, asegurando la seguridad y bienestar de los trabajadores en todo momento.<\/li>\n<li>Nos comprometemos a ofrecer soluciones confiables y a medida, adaptadas a las necesidades de cada faena\u00a0y\u00a0proyecto.<\/li>\n<\/ul>\n<\/div><\/div><\/div><div class=\"w-vwrapper us_custom_1a18e425 align_none valign_top\" style=\"--vwrapper-gap:0px\"><div class=\"w-image us_custom_743c878a align_none\"><div class=\"w-image-h\"><img decoding=\"async\" width=\"624\" height=\"122\" src=\"https:\/\/rescate-familiar.cl\/wp-content\/uploads\/2024\/06\/titulo-primeros-auxilios.png\" class=\"attachment-full size-full\" alt=\"\" loading=\"lazy\" srcset=\"https:\/\/rescate-familiar.cl\/wp-content\/uploads\/2024\/06\/titulo-primeros-auxilios.png 624w, https:\/\/rescate-familiar.cl\/wp-content\/uploads\/2024\/06\/titulo-primeros-auxilios-300x59.png 300w, https:\/\/rescate-familiar.cl\/wp-content\/uploads\/2024\/06\/titulo-primeros-auxilios-600x117.png 600w\" sizes=\"auto, (max-width: 624px) 100vw, 624px\" \/><\/div><\/div><div class=\"wpb_text_column us_custom_3652d2f3 list-circular has_text_color\"><div class=\"wpb_wrapper\"><ul>\n<li>Servicio profesional de primeros auxilios y atenci\u00f3n prehospitalaria para faenas mineras, de energ\u00eda y obras civiles.<\/li>\n<li><span data-olk-copy-source=\"MessageBody\">Servicio integral de alta calidad, con procedimientos de trabajo, protocolos de prevenci\u00f3n de riesgos y un estricto cumplimiento del marco regulatorio<\/span>.<\/li>\n<li>Nuestro equipo de profesionales est\u00e1 altamente capacitado para brindar atenci\u00f3n oportuna y efectiva en situaciones de emergencia, asegurando la seguridad y bienestar de los trabajadores en todo momento.<\/li>\n<li>Nos comprometemos a ofrecer soluciones confiables y a medida, adaptadas a las necesidades de cada faena\u00a0y\u00a0proyecto.<\/li>\n<li>Expertos en Hipobaria (DS28), contamos con procedimientos de trabajo, programas de vigilancia, apoyo de m\u00e9dicos especialistas<\/li>\n<li>Protege tu proyecto con nuestro servicio de ambulancias 4&#215;4 con personal especializado<\/li>\n<\/ul>\n<\/div><\/div><\/div><\/div><\/div><\/div><\/div><\/div><\/div><\/div><\/section><section class=\"l-section wpb_row us_custom_d6aa74f8 height_custom width_full\"><div class=\"l-section-h i-cf\"><div class=\"g-cols vc_row via_grid cols_1 laptops-cols_inherit tablets-cols_inherit mobiles-cols_1 valign_top type_default stacking_default\"><div class=\"wpb_column vc_column_container\"><div class=\"vc_column-inner\"><div class=\"w-image align_none\"><div class=\"w-image-h\"><img decoding=\"async\" width=\"1920\" height=\"266\" src=\"https:\/\/rescate-familiar.cl\/wp-content\/uploads\/2024\/06\/banner-2.png\" class=\"attachment-full size-full\" alt=\"\" loading=\"lazy\" srcset=\"https:\/\/rescate-familiar.cl\/wp-content\/uploads\/2024\/06\/banner-2.png 1920w, https:\/\/rescate-familiar.cl\/wp-content\/uploads\/2024\/06\/banner-2-300x42.png 300w, https:\/\/rescate-familiar.cl\/wp-content\/uploads\/2024\/06\/banner-2-1024x142.png 1024w, https:\/\/rescate-familiar.cl\/wp-content\/uploads\/2024\/06\/banner-2-1536x213.png 1536w, https:\/\/rescate-familiar.cl\/wp-content\/uploads\/2024\/06\/banner-2-600x83.png 600w\" sizes=\"auto, (max-width: 1920px) 100vw, 1920px\" \/><\/div><\/div><div class=\"g-cols wpb_row us_custom_01aa8d29 via_grid cols_custom laptops-cols_inherit tablets-cols_inherit mobiles-cols_1 valign_top type_default stacking_default\" style=\"--gap:0px;--custom-columns:0.5fr 2.5fr 2.5fr 0.5fr \" id=\"brigada\"><div class=\"wpb_column vc_column_container\"><div class=\"vc_column-inner\"><\/div><\/div><div class=\"wpb_column vc_column_container\"><div class=\"vc_column-inner\"><div class=\"w-vwrapper us_custom_1c3a6ff9 align_right valign_top\" style=\"--vwrapper-gap:0px\"><div class=\"w-image us_custom_141b933e align_none\"><div class=\"w-image-h\"><img decoding=\"async\" width=\"781\" height=\"122\" src=\"https:\/\/rescate-familiar.cl\/wp-content\/uploads\/2024\/06\/titulo-brigada.png\" class=\"attachment-full size-full\" alt=\"\" loading=\"lazy\" srcset=\"https:\/\/rescate-familiar.cl\/wp-content\/uploads\/2024\/06\/titulo-brigada.png 781w, https:\/\/rescate-familiar.cl\/wp-content\/uploads\/2024\/06\/titulo-brigada-300x47.png 300w, https:\/\/rescate-familiar.cl\/wp-content\/uploads\/2024\/06\/titulo-brigada-600x94.png 600w\" sizes=\"auto, (max-width: 781px) 100vw, 781px\" \/><\/div><\/div><div class=\"wpb_text_column us_custom_821cff77 list-circular has_text_color\"><div class=\"wpb_wrapper\"><ul>\n<li>Rescate Familiar ofrece un servicio especializado de brigada de emergencia para sectores como miner\u00eda, energ\u00eda y obras civiles.<\/li>\n<li>Contamos con un equipo altamente capacitado para llevar a cabo operaciones de rescate vehicular, rescate en espacios confinados, rescate en altura, rescate en zonas remotas y materiales peligrosos.<\/li>\n<li>Nuestro enfoque se basa en la seguridad, rapidez y eficacia, utilizando equipos de \u00faltima tecnolog\u00eda y protocolos de actuaci\u00f3n adecuados para cada tipo de emergencia.<\/li>\n<li>Garantizamos una atenci\u00f3n integral y profesional, comprometidos con la protecci\u00f3n de la vida y la integridad de los trabajadores en situaciones de alto riesgo.<\/li>\n<\/ul>\n<\/div><\/div><\/div><\/div><\/div><div class=\"wpb_column vc_column_container\"><div class=\"vc_column-inner\"><div class=\"w-vwrapper us_custom_22982550 align_center valign_bottom\" style=\"--vwrapper-gap:10px\"><div class=\"w-image us_custom_2b4fa7cc align_center\"><div class=\"w-image-h\"><img decoding=\"async\" width=\"587\" height=\"400\" src=\"https:\/\/rescate-familiar.cl\/wp-content\/uploads\/2025\/03\/Imagen-de-WhatsApp-2025-03-28-a-las-10.03.47_dbef2682-jpg.webp\" class=\"attachment-full size-full not-transparent\" alt=\"\" loading=\"lazy\" srcset=\"https:\/\/rescate-familiar.cl\/wp-content\/uploads\/2025\/03\/Imagen-de-WhatsApp-2025-03-28-a-las-10.03.47_dbef2682-jpg.webp 587w, https:\/\/rescate-familiar.cl\/wp-content\/uploads\/2025\/03\/Imagen-de-WhatsApp-2025-03-28-a-las-10.03.47_dbef2682-300x204.webp 300w\" sizes=\"auto, (max-width: 587px) 100vw, 587px\" data-has-transparency=\"false\" data-dominant-color=\"6c6860\" style=\"--dominant-color: #6c6860;\" \/><\/div><\/div><div class=\"wpb_text_column us_custom_226397a7\"><div class=\"wpb_wrapper\"><p style=\"text-align: left;\">Personal especializado y veh\u00edculos de rescate con <b>equipamiento de \u00faltima generaci\u00f3n.<\/b><\/p>\n<p><a href=\"\/index.php\/#contacto\"><img decoding=\"async\" class=\"size-medium wp-image-9292 aligncenter\" style=\"width: 200px;\" src=\"\/wp-content\/uploads\/2024\/06\/solicitar2.png\" alt=\"\" \/><\/a><\/p>\n<\/div><\/div><\/div><\/div><\/div><div class=\"wpb_column vc_column_container\"><div class=\"vc_column-inner\"><\/div><\/div><\/div><div class=\"w-separator size_huge\"><\/div><div class=\"w-image us_custom_0e3f0964 width100 align_none\"><div class=\"w-image-h\"><img decoding=\"async\" width=\"1280\" height=\"234\" src=\"https:\/\/rescate-familiar.cl\/wp-content\/uploads\/2024\/12\/franja-roja2rescatefamiliar.png\" class=\"attachment-full size-full has-transparency\" alt=\"\" loading=\"lazy\" srcset=\"https:\/\/rescate-familiar.cl\/wp-content\/uploads\/2024\/12\/franja-roja2rescatefamiliar.png 1280w, https:\/\/rescate-familiar.cl\/wp-content\/uploads\/2024\/12\/franja-roja2rescatefamiliar-300x55.png 300w, https:\/\/rescate-familiar.cl\/wp-content\/uploads\/2024\/12\/franja-roja2rescatefamiliar-1024x187.png 1024w, https:\/\/rescate-familiar.cl\/wp-content\/uploads\/2024\/12\/franja-roja2rescatefamiliar-600x110.png 600w\" sizes=\"auto, (max-width: 1280px) 100vw, 1280px\" data-has-transparency=\"true\" data-dominant-color=\"6f0001\" style=\"--dominant-color: #6f0001;\" \/><\/div><\/div><\/div><\/div><\/div><\/div><\/section><section class=\"l-section wpb_row us_custom_dd7d1710 height_custom width_full\" id=\"contacto\"><div class=\"l-section-h i-cf\"><div class=\"g-cols vc_row via_grid cols_1 laptops-cols_inherit tablets-cols_inherit mobiles-cols_1 valign_top type_default stacking_default\" style=\"--gap:0px;\"><div class=\"wpb_column vc_column_container\"><div class=\"vc_column-inner\"><div class=\"g-cols wpb_row via_grid cols_custom laptops-cols_inherit tablets-cols_inherit mobiles-cols_1 valign_middle type_default stacking_default\" style=\"--gap:0px;--custom-columns:1fr 2.5fr 1.5fr 1fr \"><div class=\"wpb_column vc_column_container\"><div class=\"vc_column-inner\"><\/div><\/div><div class=\"wpb_column vc_column_container us_custom_137bf1a6 has_bg_color\"><div class=\"vc_column-inner\"><div class=\"w-text us_custom_e343bb76 has_text_color\"><span class=\"w-text-h\"><span class=\"w-text-value\">CONT\u00c1CTANOS<\/span><\/span><\/div><div class=\"w-separator size_small\"><\/div><div class=\"wpb_text_column\"><div class=\"wpb_wrapper\">\n<div class=\"wpcf7 no-js\" id=\"wpcf7-f13-o1\" lang=\"es-ES\" dir=\"ltr\">\n<div class=\"screen-reader-response\"><p role=\"status\" aria-live=\"polite\" aria-atomic=\"true\"><\/p> <ul><\/ul><\/div>\n<form action=\"\/index.php\/wp-json\/wp\/v2\/pages\/6635#wpcf7-f13-o1\" method=\"post\" class=\"wpcf7-form init\" aria-label=\"Formulario de contacto\" novalidate=\"novalidate\" data-status=\"init\">\n<div style=\"display: none;\">\n<input type=\"hidden\" name=\"_wpcf7\" value=\"13\" \/>\n<input type=\"hidden\" name=\"_wpcf7_version\" value=\"5.9.3\" \/>\n<input type=\"hidden\" name=\"_wpcf7_locale\" value=\"es_ES\" \/>\n<input type=\"hidden\" name=\"_wpcf7_unit_tag\" value=\"wpcf7-f13-o1\" \/>\n<input type=\"hidden\" name=\"_wpcf7_container_post\" value=\"0\" \/>\n<input type=\"hidden\" name=\"_wpcf7_posted_data_hash\" value=\"\" \/>\n<input type=\"hidden\" name=\"_wpcf7_recaptcha_response\" value=\"\" \/>\n<\/div>\n<div class=\"mi-contatco\">\n\t<div class=\"columna-1\">\n\t\t<p><label><span class=\"wpcf7-form-control-wrap\" data-name=\"your-name\"><input size=\"40\" class=\"wpcf7-form-control wpcf7-text wpcf7-validates-as-required\" aria-required=\"true\" aria-invalid=\"false\" placeholder=\"Nombre y Apellido\" value=\"\" type=\"text\" name=\"your-name\" \/><\/span><\/label>\n\t\t<\/p>\n\t<\/div>\n\t<div class=\"columna-2\">\n\t\t<p><label><span class=\"wpcf7-form-control-wrap\" data-name=\"your-email\"><input size=\"40\" class=\"wpcf7-form-control wpcf7-email wpcf7-validates-as-required wpcf7-text wpcf7-validates-as-email\" aria-required=\"true\" aria-invalid=\"false\" placeholder=\"Correo\" value=\"\" type=\"email\" name=\"your-email\" \/><\/span><\/label>\n\t\t<\/p>\n\t<\/div>\n<\/div>\n<div class=\"mi-contatco\">\n\t<div class=\"columna-1\">\n\t\t<p><label><span class=\"wpcf7-form-control-wrap\" data-name=\"your-phone\"><input size=\"40\" class=\"wpcf7-form-control wpcf7-tel wpcf7-validates-as-required wpcf7-text wpcf7-validates-as-tel\" aria-required=\"true\" aria-invalid=\"false\" placeholder=\"Tel\u00e9fono\" value=\"\" type=\"tel\" name=\"your-phone\" \/><\/span><\/label>\n\t\t<\/p>\n\t<\/div>\n\t<div class=\"columna-2\">\n\t\t<p><label><span class=\"wpcf7-form-control-wrap\" data-name=\"your-subject\"><input size=\"40\" class=\"wpcf7-form-control wpcf7-text wpcf7-validates-as-required\" aria-required=\"true\" aria-invalid=\"false\" placeholder=\"Empresa\" value=\"\" type=\"text\" name=\"your-subject\" \/><\/span> <\/label>\n\t\t<\/p>\n\t<\/div>\n<\/div>\n<div class=\"mi-contatco\">\n\t<div class=\"columna-3\">\n\t\t<p><label><span class=\"wpcf7-form-control-wrap\" data-name=\"your-message\"><textarea cols=\"40\" rows=\"10\" class=\"wpcf7-form-control wpcf7-textarea\" aria-invalid=\"false\" placeholder=\"Mensaje\" name=\"your-message\"><\/textarea><\/span><\/label>\n\t\t<\/p>\n\t<\/div>\n<\/div>\n<div class=\"mi-contatco\">\n\t<div class=\"columna-1\">\n\t<\/div>\n\t<div class=\"columna-2\">\n\t\t<p><input class=\"wpcf7-form-control wpcf7-submit has-spinner\" type=\"submit\" value=\"Enviar\" \/>\n\t\t<\/p>\n\t<\/div>\n<\/div><p style=\"display: none !important;\" class=\"akismet-fields-container\" data-prefix=\"_wpcf7_ak_\"><label>&#916;<textarea name=\"_wpcf7_ak_hp_textarea\" cols=\"45\" rows=\"8\" maxlength=\"100\"><\/textarea><\/label><input type=\"hidden\" id=\"ak_js_1\" name=\"_wpcf7_ak_js\" value=\"23\"\/><script>document.getElementById( \"ak_js_1\" ).setAttribute( \"value\", ( new Date() ).getTime() );<\/script><\/p><div class=\"wpcf7-response-output\" aria-hidden=\"true\"><\/div>\n<\/form>\n<\/div>\n\n<\/div><\/div><\/div><\/div><div class=\"wpb_column vc_column_container us_custom_117952d2 has_bg_color\"><div class=\"vc_column-overlay\" style=\"background:rgba(0,0,0,0.45)\"><\/div><div class=\"vc_column-inner\"><div class=\"w-text us_custom_f7dcda51 has_text_color\"><span class=\"w-text-h\"><span class=\"w-text-value\">Cotiza con nosotros<\/span><\/span><\/div><div class=\"w-separator size_small\"><\/div><div class=\"wpb_text_column us_custom_795e89c7 has_text_color\"><div class=\"wpb_wrapper\"><p>Proteger la vida de sus trabajadores esta en sus manos con el mejor servicio de primeros auxilios.<\/p>\n<\/div><\/div><\/div><\/div><div class=\"wpb_column vc_column_container\"><div class=\"vc_column-inner\"><\/div><\/div><\/div><\/div><\/div><\/div><\/div><\/section><section class=\"l-section wpb_row us_custom_6b340004 height_small width_full\"><div class=\"l-section-h i-cf\"><div class=\"g-cols vc_row via_grid cols_1 laptops-cols_inherit tablets-cols_inherit mobiles-cols_1 valign_top type_default stacking_default\"><div class=\"wpb_column vc_column_container\"><div class=\"vc_column-inner\"><div class=\"g-cols wpb_row carrusel-logos-inicio via_grid cols_custom laptops-cols_inherit tablets-cols_inherit mobiles-cols_1 valign_top type_default stacking_default\" style=\"--gap:3rem;--custom-columns:0.5fr 5fr 0.5fr \"><div class=\"wpb_column vc_column_container\"><div class=\"vc_column-inner\"><\/div><\/div><div class=\"wpb_column vc_column_container\"><div class=\"vc_column-inner\"><div class=\"w-grid carrusel-inicio type_carousel layout_gallery_default cols_5\" id=\"us_grid_1\" style=\"--gap:20px;\"><style>.layout_gallery_default .w-grid-item-h{}<\/style><div class=\"w-grid-list owl-carousel navstyle_circle navpos_outside\" style=\"--arrows-size:1.8rem;\">\t<article class=\"w-grid-item post-9350 attachment type-attachment status-inherit hentry\" data-id=\"9350\">\r\n\t\t<div class=\"w-grid-item-h\">\r\n\t\t\t\t\t\t<div class=\"w-post-elm post_image usg_post_image_1 stretched\"><img loading=\"lazy\" decoding=\"async\" width=\"300\" height=\"180\" src=\"https:\/\/rescate-familiar.cl\/wp-content\/uploads\/2024\/06\/vale-300x180.png\" class=\"attachment-medium size-medium\" alt=\"\" srcset=\"https:\/\/rescate-familiar.cl\/wp-content\/uploads\/2024\/06\/vale-300x180.png 300w, https:\/\/rescate-familiar.cl\/wp-content\/uploads\/2024\/06\/vale.png 500w\" sizes=\"auto, (max-width: 300px) 100vw, 300px\" \/><\/div>\t\t<\/div>\r\n\t\t\t<\/article>\r\n\t<article class=\"w-grid-item post-9347 attachment type-attachment status-inherit hentry\" data-id=\"9347\">\r\n\t\t<div class=\"w-grid-item-h\">\r\n\t\t\t\t\t\t<div class=\"w-post-elm post_image usg_post_image_1 stretched\"><img loading=\"lazy\" decoding=\"async\" width=\"300\" height=\"180\" src=\"https:\/\/rescate-familiar.cl\/wp-content\/uploads\/2024\/06\/logo_coxabengoa-1-300x180.png\" class=\"attachment-medium size-medium\" alt=\"\" srcset=\"https:\/\/rescate-familiar.cl\/wp-content\/uploads\/2024\/06\/logo_coxabengoa-1-300x180.png 300w, https:\/\/rescate-familiar.cl\/wp-content\/uploads\/2024\/06\/logo_coxabengoa-1.png 500w\" sizes=\"auto, (max-width: 300px) 100vw, 300px\" \/><\/div>\t\t<\/div>\r\n\t\t\t<\/article>\r\n\t<article class=\"w-grid-item post-9349 attachment type-attachment status-inherit hentry\" data-id=\"9349\">\r\n\t\t<div class=\"w-grid-item-h\">\r\n\t\t\t\t\t\t<div class=\"w-post-elm post_image usg_post_image_1 stretched\"><img loading=\"lazy\" decoding=\"async\" width=\"300\" height=\"180\" src=\"https:\/\/rescate-familiar.cl\/wp-content\/uploads\/2024\/06\/techint-engineering-and-construction-logo-vector-300x180.png\" class=\"attachment-medium size-medium\" alt=\"\" srcset=\"https:\/\/rescate-familiar.cl\/wp-content\/uploads\/2024\/06\/techint-engineering-and-construction-logo-vector-300x180.png 300w, https:\/\/rescate-familiar.cl\/wp-content\/uploads\/2024\/06\/techint-engineering-and-construction-logo-vector.png 500w\" sizes=\"auto, (max-width: 300px) 100vw, 300px\" \/><\/div>\t\t<\/div>\r\n\t\t\t<\/article>\r\n\t<article class=\"w-grid-item post-9346 attachment type-attachment status-inherit hentry\" data-id=\"9346\">\r\n\t\t<div class=\"w-grid-item-h\">\r\n\t\t\t\t\t\t<div class=\"w-post-elm post_image usg_post_image_1 stretched\"><img loading=\"lazy\" decoding=\"async\" width=\"300\" height=\"180\" src=\"https:\/\/rescate-familiar.cl\/wp-content\/uploads\/2024\/06\/images-300x180.png\" class=\"attachment-medium size-medium\" alt=\"\" srcset=\"https:\/\/rescate-familiar.cl\/wp-content\/uploads\/2024\/06\/images-300x180.png 300w, https:\/\/rescate-familiar.cl\/wp-content\/uploads\/2024\/06\/images.png 500w\" sizes=\"auto, (max-width: 300px) 100vw, 300px\" \/><\/div>\t\t<\/div>\r\n\t\t\t<\/article>\r\n\t<article class=\"w-grid-item post-9348 attachment type-attachment status-inherit hentry\" data-id=\"9348\">\r\n\t\t<div class=\"w-grid-item-h\">\r\n\t\t\t\t\t\t<div class=\"w-post-elm post_image usg_post_image_1 stretched\"><img loading=\"lazy\" decoding=\"async\" width=\"300\" height=\"180\" src=\"https:\/\/rescate-familiar.cl\/wp-content\/uploads\/2024\/06\/logo-negro-300x180.png\" class=\"attachment-medium size-medium\" alt=\"\" srcset=\"https:\/\/rescate-familiar.cl\/wp-content\/uploads\/2024\/06\/logo-negro-300x180.png 300w, https:\/\/rescate-familiar.cl\/wp-content\/uploads\/2024\/06\/logo-negro.png 500w\" sizes=\"auto, (max-width: 300px) 100vw, 300px\" \/><\/div>\t\t<\/div>\r\n\t\t\t<\/article>\r\n<\/div>\t<div class=\"g-preloader type_1\">\r\n\t\t<div><\/div>\r\n\t<\/div>\r\n\t\t<div class=\"w-grid-json hidden\" onclick='return {&quot;action&quot;:&quot;us_ajax_grid&quot;,&quot;infinite_scroll&quot;:0,&quot;max_num_pages&quot;:1,&quot;pagination&quot;:&quot;none&quot;,&quot;template_vars&quot;:{&quot;columns&quot;:&quot;5&quot;,&quot;exclude_items&quot;:&quot;none&quot;,&quot;img_size&quot;:&quot;medium&quot;,&quot;ignore_items_size&quot;:0,&quot;items_layout&quot;:&quot;gallery_default&quot;,&quot;items_offset&quot;:&quot;1&quot;,&quot;load_animation&quot;:&quot;none&quot;,&quot;overriding_link&quot;:&quot;%7B%22url%22%3A%22%22%7D&quot;,&quot;post_id&quot;:0,&quot;query_args&quot;:{&quot;post_type&quot;:[&quot;attachment&quot;],&quot;post__in&quot;:[&quot;9346&quot;,&quot;9347&quot;,&quot;9348&quot;,&quot;9349&quot;,&quot;9350&quot;],&quot;post_status&quot;:&quot;inherit&quot;,&quot;post_mime_type&quot;:&quot;image&quot;,&quot;posts_per_page&quot;:&quot;50&quot;},&quot;orderby_query_args&quot;:{&quot;orderby&quot;:&quot;RAND(984434629)&quot;},&quot;type&quot;:&quot;carousel&quot;,&quot;us_grid_post_type&quot;:&quot;attachment&quot;,&quot;us_grid_ajax_index&quot;:1,&quot;us_grid_filter_params&quot;:[],&quot;us_grid_index&quot;:1,&quot;page_args&quot;:[]},&quot;carousel_settings&quot;:{&quot;autoHeight&quot;:0,&quot;autoplay&quot;:1,&quot;carousel_fade&quot;:0,&quot;center&quot;:0,&quot;dots&quot;:0,&quot;items&quot;:&quot;5&quot;,&quot;loop&quot;:true,&quot;nav&quot;:1,&quot;slideby&quot;:&quot;1&quot;,&quot;smooth_play&quot;:0,&quot;speed&quot;:250,&quot;timeout&quot;:3000,&quot;transition&quot;:&quot;&quot;,&quot;aria_labels&quot;:{&quot;prev&quot;:&quot;Anterior&quot;,&quot;next&quot;:&quot;Siguiente&quot;}},&quot;carousel_breakpoints&quot;:{&quot;0&quot;:{&quot;autoHeight&quot;:0,&quot;autoplay&quot;:1,&quot;autoplayHoverPause&quot;:1,&quot;items&quot;:2,&quot;loop&quot;:true,&quot;stagePadding&quot;:0},&quot;601&quot;:{&quot;autoHeight&quot;:0,&quot;autoplay&quot;:1,&quot;autoplayHoverPause&quot;:1,&quot;items&quot;:3,&quot;loop&quot;:true,&quot;stagePadding&quot;:0},&quot;1025&quot;:{&quot;autoHeight&quot;:0,&quot;autoplay&quot;:1,&quot;autoplayHoverPause&quot;:1,&quot;items&quot;:3,&quot;loop&quot;:true,&quot;stagePadding&quot;:0},&quot;1281&quot;:{&quot;items&quot;:5,&quot;stagePadding&quot;:0}}}'><\/div>\r\n\t<\/div><\/div><\/div><div class=\"wpb_column vc_column_container\"><div class=\"vc_column-inner\"><\/div><\/div><\/div><\/div><\/div><\/div><\/div><\/section>\n","protected":false},"excerpt":{"rendered":"","protected":false},"author":3,"featured_media":0,"parent":0,"menu_order":0,"comment_status":"closed","ping_status":"closed","template":"","meta":{"footnotes":""},"class_list":["post-6635","page","type-page","status-publish","hentry"],"acf":[],"_links":{"self":[{"href":"https:\/\/rescate-familiar.cl\/index.php\/wp-json\/wp\/v2\/pages\/6635","targetHints":{"allow":["GET"]}}],"collection":[{"href":"https:\/\/rescate-familiar.cl\/index.php\/wp-json\/wp\/v2\/pages"}],"about":[{"href":"https:\/\/rescate-familiar.cl\/index.php\/wp-json\/wp\/v2\/types\/page"}],"author":[{"embeddable":true,"href":"https:\/\/rescate-familiar.cl\/index.php\/wp-json\/wp\/v2\/users\/3"}],"replies":[{"embeddable":true,"href":"https:\/\/rescate-familiar.cl\/index.php\/wp-json\/wp\/v2\/comments?post=6635"}],"version-history":[{"count":243,"href":"https:\/\/rescate-familiar.cl\/index.php\/wp-json\/wp\/v2\/pages\/6635\/revisions"}],"predecessor-version":[{"id":9527,"href":"https:\/\/rescate-familiar.cl\/index.php\/wp-json\/wp\/v2\/pages\/6635\/revisions\/9527"}],"wp:attachment":[{"href":"https:\/\/rescate-familiar.cl\/index.php\/wp-json\/wp\/v2\/media?parent=6635"}],"curies":[{"name":"wp","href":"https:\/\/api.w.org\/{rel}","templated":true}]}}